{"id":528,"date":"2026-03-28T12:53:40","date_gmt":"2026-03-28T15:53:40","guid":{"rendered":"https:\/\/isticatamarca.edu.ar\/?page_id=528"},"modified":"2026-03-28T12:58:52","modified_gmt":"2026-03-28T15:58:52","slug":"curso-de-ambientacion-para-ingresantes-2026","status":"publish","type":"page","link":"https:\/\/isticatamarca.edu.ar\/","title":{"rendered":"CURSO DE AMBIENTACI\u00d3N PARA INGRESANTES 2026"},"content":{"rendered":"<h2>\u00a0<\/h2>\n<h2 style=\"text-align: center;\">SEDE CAPITAL<\/h2>\n\n<div class=\"wp-block-image\">\n<figure class=\"aligncenter size-large is-resized\"><img fetchpriority=\"high\" decoding=\"async\" width=\"724\" height=\"1024\" src=\"https:\/\/isticatamarca.edu.ar\/wp-content\/uploads\/2026\/03\/CURSILLO-DE-INGRESO-2026-ISTI-724x1024.jpeg\" alt=\"\" class=\"wp-image-533\" style=\"aspect-ratio:0.7070453391755056;width:840px;height:auto\" srcset=\"https:\/\/isticatamarca.edu.ar\/wp-content\/uploads\/2026\/03\/CURSILLO-DE-INGRESO-2026-ISTI-724x1024.jpeg 724w, https:\/\/isticatamarca.edu.ar\/wp-content\/uploads\/2026\/03\/CURSILLO-DE-INGRESO-2026-ISTI-212x300.jpeg 212w, https:\/\/isticatamarca.edu.ar\/wp-content\/uploads\/2026\/03\/CURSILLO-DE-INGRESO-2026-ISTI-768x1086.jpeg 768w, https:\/\/isticatamarca.edu.ar\/wp-content\/uploads\/2026\/03\/CURSILLO-DE-INGRESO-2026-ISTI-1086x1536.jpeg 1086w, https:\/\/isticatamarca.edu.ar\/wp-content\/uploads\/2026\/03\/CURSILLO-DE-INGRESO-2026-ISTI-82x116.jpeg 82w, https:\/\/isticatamarca.edu.ar\/wp-content\/uploads\/2026\/03\/CURSILLO-DE-INGRESO-2026-ISTI.jpeg 1131w\" sizes=\"(max-width: 724px) 100vw, 724px\" \/><\/figure>\n<\/div>\n\n<h2>\u00a0<\/h2>\n<h2 style=\"text-align: center;\">Descarga los horarios del curso de ambientaci\u00f3n<\/h2>\n<p><a href=\"https:\/\/drive.google.com\/file\/d\/1nooQnli_m_cd_3X2KPMbo4qGIERflTbE\/view?usp=sharing\">Horarios del curso de ambientaci\u00f3n de la Tecnicatura Superior en Procesos Mineros<\/a><\/p>\n<p><a href=\"https:\/\/drive.google.com\/file\/d\/1Xu6yit0S-wf1BBM22HUJnE8PTTzgpQNq\/view?usp=sharing\">Horarios del curso de ambientaci\u00f3n de la Tecnicatura Superior en Enfermer\u00eda<\/a><\/p>\n<p><a href=\"https:\/\/drive.google.com\/file\/d\/1GFAhCD75w10PJRXDvANSMkTKvTFp7j8G\/view?usp=sharing\">Horarios del curso de ambientaci\u00f3n de la Tecnicatura Superior en Gesti\u00f3n de Energ\u00edas Renovables, Uso Racional y Eficiencia Energ\u00e9tica<\/a><\/p>","protected":false},"excerpt":{"rendered":"<p>\u00a0 SEDE CAPITAL \u00a0 Descarga los horarios del curso de ambientaci\u00f3n Horarios del curso de ambientaci\u00f3n de la Tecnicatura Superior en Procesos Mineros Horarios del curso de ambientaci\u00f3n de la Tecnicatura Superior en Enfermer\u00eda Horarios del curso de ambientaci\u00f3n de la Tecnicatura Superior en Gesti\u00f3n de Energ\u00edas Renovables, Uso Racional y Eficiencia Energ\u00e9tica<\/p>\n","protected":false},"author":1,"featured_media":0,"parent":0,"menu_order":0,"comment_status":"closed","ping_status":"closed","template":"","meta":{"footnotes":""},"class_list":["post-528","page","type-page","status-publish","hentry"],"rttpg_featured_image_url":null,"rttpg_author":{"display_name":"admin","author_link":"https:\/\/isticatamarca.edu.ar\/?author=1"},"rttpg_comment":0,"rttpg_category":null,"rttpg_excerpt":"\u00a0 SEDE CAPITAL \u00a0 Descarga los horarios del curso de ambientaci\u00f3n Horarios del curso de ambientaci\u00f3n de la Tecnicatura Superior en Procesos Mineros Horarios del curso de ambientaci\u00f3n de la Tecnicatura Superior en Enfermer\u00eda Horarios del curso de ambientaci\u00f3n de la Tecnicatura Superior en Gesti\u00f3n de Energ\u00edas Renovables, Uso Racional y Eficiencia Energ\u00e9tica","_links":{"self":[{"href":"https:\/\/isticatamarca.edu.ar\/index.php?rest_route=\/wp\/v2\/pages\/528","targetHints":{"allow":["GET"]}}],"collection":[{"href":"https:\/\/isticatamarca.edu.ar\/index.php?rest_route=\/wp\/v2\/pages"}],"about":[{"href":"https:\/\/isticatamarca.edu.ar\/index.php?rest_route=\/wp\/v2\/types\/page"}],"author":[{"embeddable":true,"href":"https:\/\/isticatamarca.edu.ar\/index.php?rest_route=\/wp\/v2\/users\/1"}],"replies":[{"embeddable":true,"href":"https:\/\/isticatamarca.edu.ar\/index.php?rest_route=%2Fwp%2Fv2%2Fcomments&post=528"}],"version-history":[{"count":4,"href":"https:\/\/isticatamarca.edu.ar\/index.php?rest_route=\/wp\/v2\/pages\/528\/revisions"}],"predecessor-version":[{"id":536,"href":"https:\/\/isticatamarca.edu.ar\/index.php?rest_route=\/wp\/v2\/pages\/528\/revisions\/536"}],"wp:attachment":[{"href":"https:\/\/isticatamarca.edu.ar\/index.php?rest_route=%2Fwp%2Fv2%2Fmedia&parent=528"}],"curies":[{"name":"wp","href":"https:\/\/api.w.org\/{rel}","templated":true}]}}